{"id":1239,"date":"2024-10-09T20:49:17","date_gmt":"2024-10-09T20:49:17","guid":{"rendered":"https:\/\/coolhuntertires.com\/?page_id=1239"},"modified":"2024-10-17T14:17:39","modified_gmt":"2024-10-17T14:17:39","slug":"flyer","status":"publish","type":"page","link":"https:\/\/coolhuntertires.com\/en\/flyer\/","title":{"rendered":"Flyer"},"content":{"rendered":"<div data-elementor-type=\"wp-page\" data-elementor-id=\"1239\" class=\"elementor elementor-1239\" data-elementor-post-type=\"page\">\n\t\t\t\t\t\t<section class=\"elementor-section elementor-top-section elementor-element elementor-element-3c94063 elementor-section-full_width elementor-section-height-default elementor-section-height-default\" data-id=\"3c94063\" data-element_type=\"section\" data-e-type=\"section\" data-settings=\"{&quot;background_background&quot;:&quot;classic&quot;}\">\n\t\t\t\t\t\t\t<div class=\"elementor-background-overlay\"><\/div>\n\t\t\t\t\t\t\t<div class=\"elementor-container elementor-column-gap-default\">\n\t\t\t\t\t<div class=\"elementor-column elementor-col-50 elementor-top-column elementor-element elementor-element-a560890\" data-id=\"a560890\" data-element_type=\"column\" data-e-type=\"column\">\n\t\t\t<div class=\"elementor-widget-wrap elementor-element-populated\">\n\t\t\t\t\t\t<div class=\"elementor-element elementor-element-5003953 elementor-widget elementor-widget-image\" data-id=\"5003953\" data-element_type=\"widget\" data-e-type=\"widget\" data-widget_type=\"image.default\">\n\t\t\t\t<div class=\"elementor-widget-container\">\n\t\t\t\t\t\t\t\t\t\t\t\t\t\t\t<img decoding=\"async\" width=\"181\" height=\"181\" src=\"https:\/\/coolhuntertires.com\/wp-content\/uploads\/2024\/10\/image-2.webp\" class=\"attachment-full size-full wp-image-1257\" alt=\"\" srcset=\"https:\/\/coolhuntertires.com\/wp-content\/uploads\/2024\/10\/image-2.webp 181w, https:\/\/coolhuntertires.com\/wp-content\/uploads\/2024\/10\/image-2-150x150.webp 150w, https:\/\/coolhuntertires.com\/wp-content\/uploads\/2024\/10\/image-2-12x12.webp 12w, https:\/\/coolhuntertires.com\/wp-content\/uploads\/2024\/10\/image-2-100x100.webp 100w\" sizes=\"(max-width: 181px) 100vw, 181px\" \/>\t\t\t\t\t\t\t\t\t\t\t\t\t\t\t<\/div>\n\t\t\t\t<\/div>\n\t\t\t\t<div class=\"elementor-element elementor-element-f5cab42 elementor-widget elementor-widget-image\" data-id=\"f5cab42\" data-element_type=\"widget\" data-e-type=\"widget\" data-widget_type=\"image.default\">\n\t\t\t\t<div class=\"elementor-widget-container\">\n\t\t\t\t\t\t\t\t\t\t\t\t\t\t\t<img fetchpriority=\"high\" decoding=\"async\" width=\"779\" height=\"146\" src=\"https:\/\/coolhuntertires.com\/wp-content\/uploads\/2024\/10\/image-1.webp\" class=\"attachment-full size-full wp-image-1243\" alt=\"\" srcset=\"https:\/\/coolhuntertires.com\/wp-content\/uploads\/2024\/10\/image-1.webp 779w, https:\/\/coolhuntertires.com\/wp-content\/uploads\/2024\/10\/image-1-300x56.webp 300w, https:\/\/coolhuntertires.com\/wp-content\/uploads\/2024\/10\/image-1-768x144.webp 768w, https:\/\/coolhuntertires.com\/wp-content\/uploads\/2024\/10\/image-1-18x3.webp 18w, https:\/\/coolhuntertires.com\/wp-content\/uploads\/2024\/10\/image-1-600x112.webp 600w\" sizes=\"(max-width: 779px) 100vw, 779px\" \/>\t\t\t\t\t\t\t\t\t\t\t\t\t\t\t<\/div>\n\t\t\t\t<\/div>\n\t\t\t\t\t<\/div>\n\t\t<\/div>\n\t\t\t\t<div class=\"elementor-column elementor-col-50 elementor-top-column elementor-element elementor-element-c563a1d\" data-id=\"c563a1d\" data-element_type=\"column\" data-e-type=\"column\">\n\t\t\t<div class=\"elementor-widget-wrap elementor-element-populated\">\n\t\t\t\t\t\t<div class=\"elementor-element elementor-element-fe79509 elementor-widget elementor-widget-heading\" data-id=\"fe79509\" data-element_type=\"widget\" data-e-type=\"widget\" data-widget_type=\"heading.default\">\n\t\t\t\t<div class=\"elementor-widget-container\">\n\t\t\t\t\t<h3 class=\"elementor-heading-title elementor-size-default\">Who<\/h3>\t\t\t\t<\/div>\n\t\t\t\t<\/div>\n\t\t\t\t<div class=\"elementor-element elementor-element-f749d58 elementor-widget elementor-widget-heading\" data-id=\"f749d58\" data-element_type=\"widget\" data-e-type=\"widget\" data-widget_type=\"heading.default\">\n\t\t\t\t<div class=\"elementor-widget-container\">\n\t\t\t\t\t<h3 class=\"elementor-heading-title elementor-size-default\">We Are?<\/h3>\t\t\t\t<\/div>\n\t\t\t\t<\/div>\n\t\t\t\t<div class=\"elementor-element elementor-element-f3173f0 elementor-widget elementor-widget-text-editor\" data-id=\"f3173f0\" data-element_type=\"widget\" data-e-type=\"widget\" data-widget_type=\"text-editor.default\">\n\t\t\t\t<div class=\"elementor-widget-container\">\n\t\t\t\t\t\t\t\t\tWideway positions itself as a key reference in innovation within the automotive industry. With more than 10 years of experience in the Premium segment, we have consolidated global leadership that allows us to operate in over 80 countries. Our commitment to excellence has led to a production capacity of over 5,000 units daily, ensuring a constant and high-quality supply for our customers around the world.\t\t\t\t\t\t\t\t<\/div>\n\t\t\t\t<\/div>\n\t\t\t\t\t<\/div>\n\t\t<\/div>\n\t\t\t\t\t<\/div>\n\t\t<\/section>\n\t\t\t\t<section class=\"elementor-section elementor-top-section elementor-element elementor-element-edd6502 elementor-section-full_width elementor-section-height-default elementor-section-height-default\" data-id=\"edd6502\" data-element_type=\"section\" data-e-type=\"section\" data-settings=\"{&quot;background_background&quot;:&quot;classic&quot;}\">\n\t\t\t\t\t\t<div class=\"elementor-container elementor-column-gap-no\">\n\t\t\t\t\t<div class=\"elementor-column elementor-col-100 elementor-top-column elementor-element elementor-element-02a19ab\" data-id=\"02a19ab\" data-element_type=\"column\" data-e-type=\"column\">\n\t\t\t<div class=\"elementor-widget-wrap elementor-element-populated\">\n\t\t\t\t\t\t<div class=\"elementor-element elementor-element-1a445ca elementor-widget elementor-widget-image\" data-id=\"1a445ca\" data-element_type=\"widget\" data-e-type=\"widget\" data-widget_type=\"image.default\">\n\t\t\t\t<div class=\"elementor-widget-container\">\n\t\t\t\t\t\t\t\t\t\t\t\t\t\t\t<img decoding=\"async\" width=\"1920\" height=\"676\" src=\"https:\/\/coolhuntertires.com\/wp-content\/uploads\/2024\/10\/image-5.webp\" class=\"attachment-full size-full wp-image-1268\" alt=\"\" srcset=\"https:\/\/coolhuntertires.com\/wp-content\/uploads\/2024\/10\/image-5.webp 1920w, https:\/\/coolhuntertires.com\/wp-content\/uploads\/2024\/10\/image-5-300x106.webp 300w, https:\/\/coolhuntertires.com\/wp-content\/uploads\/2024\/10\/image-5-1024x361.webp 1024w, https:\/\/coolhuntertires.com\/wp-content\/uploads\/2024\/10\/image-5-768x270.webp 768w, https:\/\/coolhuntertires.com\/wp-content\/uploads\/2024\/10\/image-5-1536x541.webp 1536w, https:\/\/coolhuntertires.com\/wp-content\/uploads\/2024\/10\/image-5-18x6.webp 18w, https:\/\/coolhuntertires.com\/wp-content\/uploads\/2024\/10\/image-5-600x211.webp 600w\" sizes=\"(max-width: 1920px) 100vw, 1920px\" \/>\t\t\t\t\t\t\t\t\t\t\t\t\t\t\t<\/div>\n\t\t\t\t<\/div>\n\t\t\t\t\t<\/div>\n\t\t<\/div>\n\t\t\t\t\t<\/div>\n\t\t<\/section>\n\t\t\t\t<section class=\"elementor-section elementor-top-section elementor-element elementor-element-3724125 elementor-section-full_width elementor-section-height-default elementor-section-height-default\" data-id=\"3724125\" data-element_type=\"section\" data-e-type=\"section\" data-settings=\"{&quot;background_background&quot;:&quot;classic&quot;}\">\n\t\t\t\t\t\t\t<div class=\"elementor-background-overlay\"><\/div>\n\t\t\t\t\t\t\t<div class=\"elementor-container elementor-column-gap-default\">\n\t\t\t\t\t<div class=\"elementor-column elementor-col-50 elementor-top-column elementor-element elementor-element-c56628d\" data-id=\"c56628d\" data-element_type=\"column\" data-e-type=\"column\">\n\t\t\t<div class=\"elementor-widget-wrap elementor-element-populated\">\n\t\t\t\t\t\t<div class=\"elementor-element elementor-element-9a14b9c elementor-widget elementor-widget-heading\" data-id=\"9a14b9c\" data-element_type=\"widget\" data-e-type=\"widget\" data-widget_type=\"heading.default\">\n\t\t\t\t<div class=\"elementor-widget-container\">\n\t\t\t\t\t<h3 class=\"elementor-heading-title elementor-size-default\"><p><span style=\"color: #ff0000\">WHY<\/span> <span style=\"color: #CBD0D4\">CHOOSE<\/span><\/p><\/h3>\t\t\t\t<\/div>\n\t\t\t\t<\/div>\n\t\t\t\t<div class=\"elementor-element elementor-element-87a9fe9 elementor-widget elementor-widget-heading\" data-id=\"87a9fe9\" data-element_type=\"widget\" data-e-type=\"widget\" data-widget_type=\"heading.default\">\n\t\t\t\t<div class=\"elementor-widget-container\">\n\t\t\t\t\t<h3 class=\"elementor-heading-title elementor-size-default\">WIDEWAY?<\/h3>\t\t\t\t<\/div>\n\t\t\t\t<\/div>\n\t\t\t\t\t<\/div>\n\t\t<\/div>\n\t\t\t\t<div class=\"elementor-column elementor-col-50 elementor-top-column elementor-element elementor-element-3e24e7c\" data-id=\"3e24e7c\" data-element_type=\"column\" data-e-type=\"column\">\n\t\t\t<div class=\"elementor-widget-wrap elementor-element-populated\">\n\t\t\t\t\t\t<div class=\"elementor-element elementor-element-635c0a2 elementor-widget elementor-widget-text-editor\" data-id=\"635c0a2\" data-element_type=\"widget\" data-e-type=\"widget\" data-widget_type=\"text-editor.default\">\n\t\t\t\t<div class=\"elementor-widget-container\">\n\t\t\t\t\t\t\t\t\tWe are the Master Distributors of the WIDEWAY brand for the Central American and Caribbean markets. We offer our customers a wide variety of high-quality tires, with a focus on innovation, safety, and service.\n\nWe are committed to meeting your needs and providing you with a reliable and convenient shopping experience.\n\t\t\t\t\t\t\t\t<\/div>\n\t\t\t\t<\/div>\n\t\t\t\t\t<\/div>\n\t\t<\/div>\n\t\t\t\t\t<\/div>\n\t\t<\/section>\n\t\t\t\t<section class=\"elementor-section elementor-top-section elementor-element elementor-element-fa618f4 elementor-section-full_width elementor-section-height-default elementor-section-height-default\" data-id=\"fa618f4\" data-element_type=\"section\" data-e-type=\"section\">\n\t\t\t\t\t\t<div class=\"elementor-container elementor-column-gap-no\">\n\t\t\t\t\t<div class=\"elementor-column elementor-col-100 elementor-top-column elementor-element elementor-element-4082080\" data-id=\"4082080\" data-element_type=\"column\" data-e-type=\"column\">\n\t\t\t<div class=\"elementor-widget-wrap elementor-element-populated\">\n\t\t\t\t\t\t<div class=\"elementor-element elementor-element-040366f elementor-widget elementor-widget-image\" data-id=\"040366f\" data-element_type=\"widget\" data-e-type=\"widget\" data-widget_type=\"image.default\">\n\t\t\t\t<div class=\"elementor-widget-container\">\n\t\t\t\t\t\t\t\t\t\t\t\t\t\t\t<img loading=\"lazy\" decoding=\"async\" width=\"1920\" height=\"927\" src=\"https:\/\/coolhuntertires.com\/wp-content\/uploads\/2024\/10\/image-6.webp\" class=\"attachment-full size-full wp-image-1269\" alt=\"\" srcset=\"https:\/\/coolhuntertires.com\/wp-content\/uploads\/2024\/10\/image-6.webp 1920w, https:\/\/coolhuntertires.com\/wp-content\/uploads\/2024\/10\/image-6-300x145.webp 300w, https:\/\/coolhuntertires.com\/wp-content\/uploads\/2024\/10\/image-6-1024x494.webp 1024w, https:\/\/coolhuntertires.com\/wp-content\/uploads\/2024\/10\/image-6-768x371.webp 768w, https:\/\/coolhuntertires.com\/wp-content\/uploads\/2024\/10\/image-6-1536x742.webp 1536w, https:\/\/coolhuntertires.com\/wp-content\/uploads\/2024\/10\/image-6-18x9.webp 18w, https:\/\/coolhuntertires.com\/wp-content\/uploads\/2024\/10\/image-6-600x290.webp 600w\" sizes=\"(max-width: 1920px) 100vw, 1920px\" \/>\t\t\t\t\t\t\t\t\t\t\t\t\t\t\t<\/div>\n\t\t\t\t<\/div>\n\t\t\t\t\t<\/div>\n\t\t<\/div>\n\t\t\t\t\t<\/div>\n\t\t<\/section>\n\t\t\t\t<section class=\"elementor-section elementor-top-section elementor-element elementor-element-3d0182e elementor-section-full_width elementor-section-height-default elementor-section-height-default\" data-id=\"3d0182e\" data-element_type=\"section\" data-e-type=\"section\" data-settings=\"{&quot;background_background&quot;:&quot;classic&quot;}\">\n\t\t\t\t\t\t\t<div class=\"elementor-background-overlay\"><\/div>\n\t\t\t\t\t\t\t<div class=\"elementor-container elementor-column-gap-default\">\n\t\t\t\t\t<div class=\"elementor-column elementor-col-50 elementor-top-column elementor-element elementor-element-7739dfe\" data-id=\"7739dfe\" data-element_type=\"column\" data-e-type=\"column\">\n\t\t\t<div class=\"elementor-widget-wrap elementor-element-populated\">\n\t\t\t\t\t\t<div class=\"elementor-element elementor-element-af73814 elementor-widget elementor-widget-image\" data-id=\"af73814\" data-element_type=\"widget\" data-e-type=\"widget\" data-widget_type=\"image.default\">\n\t\t\t\t<div class=\"elementor-widget-container\">\n\t\t\t\t\t\t\t\t\t\t\t\t\t\t\t<img loading=\"lazy\" decoding=\"async\" width=\"874\" height=\"966\" src=\"https:\/\/coolhuntertires.com\/wp-content\/uploads\/2024\/10\/image-7.webp\" class=\"attachment-full size-full wp-image-1273\" alt=\"\" srcset=\"https:\/\/coolhuntertires.com\/wp-content\/uploads\/2024\/10\/image-7.webp 874w, https:\/\/coolhuntertires.com\/wp-content\/uploads\/2024\/10\/image-7-271x300.webp 271w, https:\/\/coolhuntertires.com\/wp-content\/uploads\/2024\/10\/image-7-768x849.webp 768w, https:\/\/coolhuntertires.com\/wp-content\/uploads\/2024\/10\/image-7-11x12.webp 11w, https:\/\/coolhuntertires.com\/wp-content\/uploads\/2024\/10\/image-7-600x663.webp 600w\" sizes=\"(max-width: 874px) 100vw, 874px\" \/>\t\t\t\t\t\t\t\t\t\t\t\t\t\t\t<\/div>\n\t\t\t\t<\/div>\n\t\t\t\t\t<\/div>\n\t\t<\/div>\n\t\t\t\t<div class=\"elementor-column elementor-col-50 elementor-top-column elementor-element elementor-element-5726969\" data-id=\"5726969\" data-element_type=\"column\" data-e-type=\"column\">\n\t\t\t<div class=\"elementor-widget-wrap elementor-element-populated\">\n\t\t\t\t\t\t<div class=\"elementor-element elementor-element-f21662a elementor-widget elementor-widget-heading\" data-id=\"f21662a\" data-element_type=\"widget\" data-e-type=\"widget\" data-widget_type=\"heading.default\">\n\t\t\t\t<div class=\"elementor-widget-container\">\n\t\t\t\t\t<h3 class=\"elementor-heading-title elementor-size-default\">WHAT MAKES US<\/h3>\t\t\t\t<\/div>\n\t\t\t\t<\/div>\n\t\t\t\t<div class=\"elementor-element elementor-element-d02cc23 elementor-widget elementor-widget-heading\" data-id=\"d02cc23\" data-element_type=\"widget\" data-e-type=\"widget\" data-widget_type=\"heading.default\">\n\t\t\t\t<div class=\"elementor-widget-container\">\n\t\t\t\t\t<h3 class=\"elementor-heading-title elementor-size-default\">DIFFERENT?<\/h3>\t\t\t\t<\/div>\n\t\t\t\t<\/div>\n\t\t\t\t<div class=\"elementor-element elementor-element-ddc4cda elementor-widget elementor-widget-text-editor\" data-id=\"ddc4cda\" data-element_type=\"widget\" data-e-type=\"widget\" data-widget_type=\"text-editor.default\">\n\t\t\t\t<div class=\"elementor-widget-container\">\n\t\t\t\t\t\t\t\t\t<ul style=\"list-style-type: disc; color: red; padding-left: 20px;\">\n    <li>\n        <h3 style=\"color: white; display: inline;\">Support<\/h3>\n        <p style=\"color: white;\">We have the backing and guarantee of a leading brand in the market.<\/p>\n    <\/li>\n    <li>\n        <h3 style=\"color: white; display: inline;\">Safety<\/h3>\n        <p style=\"color: white;\">Our tires guarantee a safe and durable driving experience.<\/p>\n    <\/li>\n    <li>\n        <h3 style=\"color: white; display: inline;\">Quality<\/h3>\n        <p style=\"color: white;\">Tires manufactured to the highest performance standards.<\/p>\n    <\/li>\n    <li>\n        <h3 style=\"color: white; display: inline;\">Innovation<\/h3>\n        <p style=\"color: white;\">We offer cutting-edge technology to meet current demands.<\/p>\n    <\/li>\n<\/ul>\n\t\t\t\t\t\t\t\t<\/div>\n\t\t\t\t<\/div>\n\t\t\t\t\t<\/div>\n\t\t<\/div>\n\t\t\t\t\t<\/div>\n\t\t<\/section>\n\t\t\t\t<section class=\"elementor-section elementor-top-section elementor-element elementor-element-6d38649 elementor-section-full_width elementor-section-height-default elementor-section-height-default\" data-id=\"6d38649\" data-element_type=\"section\" data-e-type=\"section\" data-settings=\"{&quot;background_background&quot;:&quot;classic&quot;}\">\n\t\t\t\t\t\t\t<div class=\"elementor-background-overlay\"><\/div>\n\t\t\t\t\t\t\t<div class=\"elementor-container elementor-column-gap-default\">\n\t\t\t\t\t<div class=\"elementor-column elementor-col-100 elementor-top-column elementor-element elementor-element-bfcd785\" data-id=\"bfcd785\" data-element_type=\"column\" data-e-type=\"column\">\n\t\t\t<div class=\"elementor-widget-wrap elementor-element-populated\">\n\t\t\t\t\t\t<div class=\"elementor-element elementor-element-1b09139 elementor-widget elementor-widget-heading\" data-id=\"1b09139\" data-element_type=\"widget\" data-e-type=\"widget\" data-widget_type=\"heading.default\">\n\t\t\t\t<div class=\"elementor-widget-container\">\n\t\t\t\t\t<h3 class=\"elementor-heading-title elementor-size-default\"><p><span style=\"color: #ff0000\">VARIETY<\/span> OF WIDEWAY<\/p><\/h3>\t\t\t\t<\/div>\n\t\t\t\t<\/div>\n\t\t\t\t<div class=\"elementor-element elementor-element-a203660 elementor-widget elementor-widget-heading\" data-id=\"a203660\" data-element_type=\"widget\" data-e-type=\"widget\" data-widget_type=\"heading.default\">\n\t\t\t\t<div class=\"elementor-widget-container\">\n\t\t\t\t\t<h3 class=\"elementor-heading-title elementor-size-default\">TIRE TYPES<\/h3>\t\t\t\t<\/div>\n\t\t\t\t<\/div>\n\t\t\t\t<div class=\"elementor-element elementor-element-8580808 elementor-widget elementor-widget-text-editor\" data-id=\"8580808\" data-element_type=\"widget\" data-e-type=\"widget\" data-widget_type=\"text-editor.default\">\n\t\t\t\t<div class=\"elementor-widget-container\">\n\t\t\t\t\t\t\t\t\t<p>Discover our selection of tires that adapt to all types of terrains and needs:<\/p>\t\t\t\t\t\t\t\t<\/div>\n\t\t\t\t<\/div>\n\t\t\t\t<div class=\"elementor-element elementor-element-9f5c761 elementor-widget elementor-widget-image\" data-id=\"9f5c761\" data-element_type=\"widget\" data-e-type=\"widget\" data-widget_type=\"image.default\">\n\t\t\t\t<div class=\"elementor-widget-container\">\n\t\t\t\t\t\t\t\t\t\t\t\t\t\t\t<img loading=\"lazy\" decoding=\"async\" width=\"1390\" height=\"674\" src=\"https:\/\/coolhuntertires.com\/wp-content\/uploads\/2024\/10\/image-8.webp\" class=\"attachment-full size-full wp-image-1287\" alt=\"\" srcset=\"https:\/\/coolhuntertires.com\/wp-content\/uploads\/2024\/10\/image-8.webp 1390w, https:\/\/coolhuntertires.com\/wp-content\/uploads\/2024\/10\/image-8-300x145.webp 300w, https:\/\/coolhuntertires.com\/wp-content\/uploads\/2024\/10\/image-8-1024x497.webp 1024w, https:\/\/coolhuntertires.com\/wp-content\/uploads\/2024\/10\/image-8-768x372.webp 768w, https:\/\/coolhuntertires.com\/wp-content\/uploads\/2024\/10\/image-8-18x9.webp 18w, https:\/\/coolhuntertires.com\/wp-content\/uploads\/2024\/10\/image-8-600x291.webp 600w\" sizes=\"(max-width: 1390px) 100vw, 1390px\" \/>\t\t\t\t\t\t\t\t\t\t\t\t\t\t\t<\/div>\n\t\t\t\t<\/div>\n\t\t\t\t\t<\/div>\n\t\t<\/div>\n\t\t\t\t\t<\/div>\n\t\t<\/section>\n\t\t\t\t<section class=\"elementor-section elementor-top-section elementor-element elementor-element-8748e72 elementor-section-boxed elementor-section-height-default elementor-section-height-default\" data-id=\"8748e72\" data-element_type=\"section\" data-e-type=\"section\" data-settings=\"{&quot;background_background&quot;:&quot;classic&quot;}\">\n\t\t\t\t\t\t<div class=\"elementor-container elementor-column-gap-default\">\n\t\t\t\t\t<div class=\"elementor-column elementor-col-100 elementor-top-column elementor-element elementor-element-88651ed\" data-id=\"88651ed\" data-element_type=\"column\" data-e-type=\"column\">\n\t\t\t<div class=\"elementor-widget-wrap elementor-element-populated\">\n\t\t\t\t\t\t<div class=\"elementor-element elementor-element-a04eb8d elementor-widget elementor-widget-spacer\" data-id=\"a04eb8d\" data-element_type=\"widget\" data-e-type=\"widget\" data-widget_type=\"spacer.default\">\n\t\t\t\t<div class=\"elementor-widget-container\">\n\t\t\t\t\t\t\t<div class=\"elementor-spacer\">\n\t\t\t<div class=\"elementor-spacer-inner\"><\/div>\n\t\t<\/div>\n\t\t\t\t\t\t<\/div>\n\t\t\t\t<\/div>\n\t\t\t\t\t<\/div>\n\t\t<\/div>\n\t\t\t\t\t<\/div>\n\t\t<\/section>\n\t\t\t\t<\/div>","protected":false},"excerpt":{"rendered":"<p>\u00bfQui\u00e9nes Somos? Wideway se posiciona como un referente clave en innovaci\u00f3n dentro de la industria automotriz. Con m\u00e1s de 10 a\u00f1os de experiencia en el segmento Premium, hemos consolidado un liderazgo global que nos permite operar en m\u00e1s de 80 pa\u00edses. Nuestro compromiso con la excelencia nos ha llevado a una capacidad de producci\u00f3n de [&hellip;]<\/p>\n","protected":false},"author":5,"featured_media":0,"parent":0,"menu_order":0,"comment_status":"closed","ping_status":"closed","template":"elementor_header_footer","meta":{"footnotes":""},"class_list":["post-1239","page","type-page","status-publish","hentry"],"_links":{"self":[{"href":"https:\/\/coolhuntertires.com\/en\/wp-json\/wp\/v2\/pages\/1239","targetHints":{"allow":["GET"]}}],"collection":[{"href":"https:\/\/coolhuntertires.com\/en\/wp-json\/wp\/v2\/pages"}],"about":[{"href":"https:\/\/coolhuntertires.com\/en\/wp-json\/wp\/v2\/types\/page"}],"author":[{"embeddable":true,"href":"https:\/\/coolhuntertires.com\/en\/wp-json\/wp\/v2\/users\/5"}],"replies":[{"embeddable":true,"href":"https:\/\/coolhuntertires.com\/en\/wp-json\/wp\/v2\/comments?post=1239"}],"version-history":[{"count":58,"href":"https:\/\/coolhuntertires.com\/en\/wp-json\/wp\/v2\/pages\/1239\/revisions"}],"predecessor-version":[{"id":1350,"href":"https:\/\/coolhuntertires.com\/en\/wp-json\/wp\/v2\/pages\/1239\/revisions\/1350"}],"wp:attachment":[{"href":"https:\/\/coolhuntertires.com\/en\/wp-json\/wp\/v2\/media?parent=1239"}],"curies":[{"name":"wp","href":"https:\/\/api.w.org\/{rel}","templated":true}]}}