{"id":220,"date":"2023-05-25T06:01:01","date_gmt":"2023-05-25T06:01:01","guid":{"rendered":"https:\/\/coolhuntertires.com\/?post_type=product&#038;p=220"},"modified":"2024-10-19T00:56:03","modified_gmt":"2024-10-19T00:56:03","slug":"safeway","status":"publish","type":"product","link":"https:\/\/coolhuntertires.com\/en\/product\/safeway\/","title":{"rendered":"Safeway"},"content":{"rendered":"","protected":false},"excerpt":{"rendered":"<p><span style=\"font-weight: 400;\">Ofrece m\u00e1xima seguridad en carretera, excelente rendimiento, mayor durabilidad por su dise\u00f1o resistente y una conducci\u00f3n suave y silenciosa.<\/span><\/p>","protected":false},"featured_media":313,"template":"","meta":[],"product_brand":[],"product_cat":[19],"product_tag":[],"class_list":{"0":"post-220","1":"product","2":"type-product","3":"status-publish","4":"has-post-thumbnail","6":"product_cat-llantas","8":"first","9":"instock","10":"featured","11":"taxable","12":"shipping-taxable","13":"product-type-simple"},"_links":{"self":[{"href":"https:\/\/coolhuntertires.com\/en\/wp-json\/wp\/v2\/product\/220","targetHints":{"allow":["GET"]}}],"collection":[{"href":"https:\/\/coolhuntertires.com\/en\/wp-json\/wp\/v2\/product"}],"about":[{"href":"https:\/\/coolhuntertires.com\/en\/wp-json\/wp\/v2\/types\/product"}],"wp:featuredmedia":[{"embeddable":true,"href":"https:\/\/coolhuntertires.com\/en\/wp-json\/wp\/v2\/media\/313"}],"wp:attachment":[{"href":"https:\/\/coolhuntertires.com\/en\/wp-json\/wp\/v2\/media?parent=220"}],"wp:term":[{"taxonomy":"product_brand","embeddable":true,"href":"https:\/\/coolhuntertires.com\/en\/wp-json\/wp\/v2\/product_brand?post=220"},{"taxonomy":"product_cat","embeddable":true,"href":"https:\/\/coolhuntertires.com\/en\/wp-json\/wp\/v2\/product_cat?post=220"},{"taxonomy":"product_tag","embeddable":true,"href":"https:\/\/coolhuntertires.com\/en\/wp-json\/wp\/v2\/product_tag?post=220"}],"curies":[{"name":"wp","href":"https:\/\/api.w.org\/{rel}","templated":true}]}}